{"id":773,"date":"2024-10-23T17:10:30","date_gmt":"2024-10-23T17:10:30","guid":{"rendered":"https:\/\/online.sushizushi.pl\/sadyba\/?page_id=773"},"modified":"2024-10-23T17:15:23","modified_gmt":"2024-10-23T17:15:23","slug":"zamowienie-zostalo-przyjete","status":"publish","type":"page","link":"https:\/\/online.sushizushi.pl\/sadyba\/zamowienie-zostalo-przyjete\/","title":{"rendered":"Zam\u00f3wienie zosta\u0142o przyj\u0119te"},"content":{"rendered":"\t\t<div data-elementor-type=\"wp-page\" data-elementor-id=\"773\" class=\"elementor elementor-773\" data-elementor-post-type=\"page\">\n\t\t\t\t<div class=\"elementor-element elementor-element-bf68991 e-flex e-con-boxed e-con e-parent\" data-id=\"bf68991\" data-element_type=\"container\">\n\t\t\t\t\t<div class=\"e-con-inner\">\n\t\t\t\t\t<\/div>\n\t\t\t\t<\/div>\n\t\t\t\t<\/div>\n\t\t","protected":false},"excerpt":{"rendered":"","protected":false},"author":1,"featured_media":0,"parent":0,"menu_order":0,"comment_status":"closed","ping_status":"closed","template":"","meta":{"_acf_changed":false,"footnotes":""},"class_list":["post-773","page","type-page","status-publish","hentry"],"acf":[],"yoast_head":"<!-- This site is optimized with the Yoast SEO plugin v26.6 - https:\/\/yoast.com\/wordpress\/plugins\/seo\/ -->\n<title>Zam\u00f3wienie zosta\u0142o przyj\u0119te - Sushi Zushi Sadyba<\/title>\n<meta name=\"robots\" content=\"index, follow, max-snippet:-1, max-image-preview:large, max-video-preview:-1\" \/>\n<link rel=\"canonical\" href=\"https:\/\/online.sushizushi.pl\/sadyba\/zamowienie-zostalo-przyjete\/\" \/>\n<meta property=\"og:locale\" content=\"pl_PL\" \/>\n<meta property=\"og:type\" content=\"article\" \/>\n<meta property=\"og:title\" content=\"Zam\u00f3wienie zosta\u0142o przyj\u0119te - Sushi Zushi Sadyba\" \/>\n<meta property=\"og:url\" content=\"https:\/\/online.sushizushi.pl\/sadyba\/zamowienie-zostalo-przyjete\/\" \/>\n<meta property=\"og:site_name\" content=\"Sushi Zushi Sadyba\" \/>\n<meta property=\"article:modified_time\" content=\"2024-10-23T17:15:23+00:00\" \/>\n<meta name=\"twitter:card\" content=\"summary_large_image\" \/>\n<script type=\"application\/ld+json\" class=\"yoast-schema-graph\">{\"@context\":\"https:\/\/schema.org\",\"@graph\":[{\"@type\":\"WebPage\",\"@id\":\"https:\/\/online.sushizushi.pl\/sadyba\/zamowienie-zostalo-przyjete\/\",\"url\":\"https:\/\/online.sushizushi.pl\/sadyba\/zamowienie-zostalo-przyjete\/\",\"name\":\"Zam\u00f3wienie zosta\u0142o przyj\u0119te - Sushi Zushi Sadyba\",\"isPartOf\":{\"@id\":\"https:\/\/online.sushizushi.pl\/sadyba\/#website\"},\"datePublished\":\"2024-10-23T17:10:30+00:00\",\"dateModified\":\"2024-10-23T17:15:23+00:00\",\"breadcrumb\":{\"@id\":\"https:\/\/online.sushizushi.pl\/sadyba\/zamowienie-zostalo-przyjete\/#breadcrumb\"},\"inLanguage\":\"pl-PL\",\"potentialAction\":[{\"@type\":\"ReadAction\",\"target\":[\"https:\/\/online.sushizushi.pl\/sadyba\/zamowienie-zostalo-przyjete\/\"]}]},{\"@type\":\"BreadcrumbList\",\"@id\":\"https:\/\/online.sushizushi.pl\/sadyba\/zamowienie-zostalo-przyjete\/#breadcrumb\",\"itemListElement\":[{\"@type\":\"ListItem\",\"position\":1,\"name\":\"Strona g\u0142\u00f3wna\",\"item\":\"https:\/\/online.sushizushi.pl\/sadyba\/\"},{\"@type\":\"ListItem\",\"position\":2,\"name\":\"Zam\u00f3wienie zosta\u0142o przyj\u0119te\"}]},{\"@type\":\"WebSite\",\"@id\":\"https:\/\/online.sushizushi.pl\/sadyba\/#website\",\"url\":\"https:\/\/online.sushizushi.pl\/sadyba\/\",\"name\":\"Sushi Zushi Sadyba | Powsi\u0144ska 31, 02-903 Warszawa\",\"description\":\"Powsi\u0144ska 31, 02-903 Warszawa\",\"potentialAction\":[{\"@type\":\"SearchAction\",\"target\":{\"@type\":\"EntryPoint\",\"urlTemplate\":\"https:\/\/online.sushizushi.pl\/sadyba\/?s={search_term_string}\"},\"query-input\":{\"@type\":\"PropertyValueSpecification\",\"valueRequired\":true,\"valueName\":\"search_term_string\"}}],\"inLanguage\":\"pl-PL\"}]}<\/script>\n<!-- \/ Yoast SEO plugin. -->","yoast_head_json":{"title":"Zam\u00f3wienie zosta\u0142o przyj\u0119te - Sushi Zushi Sadyba","robots":{"index":"index","follow":"follow","max-snippet":"max-snippet:-1","max-image-preview":"max-image-preview:large","max-video-preview":"max-video-preview:-1"},"canonical":"https:\/\/online.sushizushi.pl\/sadyba\/zamowienie-zostalo-przyjete\/","og_locale":"pl_PL","og_type":"article","og_title":"Zam\u00f3wienie zosta\u0142o przyj\u0119te - Sushi Zushi Sadyba","og_url":"https:\/\/online.sushizushi.pl\/sadyba\/zamowienie-zostalo-przyjete\/","og_site_name":"Sushi Zushi Sadyba","article_modified_time":"2024-10-23T17:15:23+00:00","twitter_card":"summary_large_image","schema":{"@context":"https:\/\/schema.org","@graph":[{"@type":"WebPage","@id":"https:\/\/online.sushizushi.pl\/sadyba\/zamowienie-zostalo-przyjete\/","url":"https:\/\/online.sushizushi.pl\/sadyba\/zamowienie-zostalo-przyjete\/","name":"Zam\u00f3wienie zosta\u0142o przyj\u0119te - Sushi Zushi Sadyba","isPartOf":{"@id":"https:\/\/online.sushizushi.pl\/sadyba\/#website"},"datePublished":"2024-10-23T17:10:30+00:00","dateModified":"2024-10-23T17:15:23+00:00","breadcrumb":{"@id":"https:\/\/online.sushizushi.pl\/sadyba\/zamowienie-zostalo-przyjete\/#breadcrumb"},"inLanguage":"pl-PL","potentialAction":[{"@type":"ReadAction","target":["https:\/\/online.sushizushi.pl\/sadyba\/zamowienie-zostalo-przyjete\/"]}]},{"@type":"BreadcrumbList","@id":"https:\/\/online.sushizushi.pl\/sadyba\/zamowienie-zostalo-przyjete\/#breadcrumb","itemListElement":[{"@type":"ListItem","position":1,"name":"Strona g\u0142\u00f3wna","item":"https:\/\/online.sushizushi.pl\/sadyba\/"},{"@type":"ListItem","position":2,"name":"Zam\u00f3wienie zosta\u0142o przyj\u0119te"}]},{"@type":"WebSite","@id":"https:\/\/online.sushizushi.pl\/sadyba\/#website","url":"https:\/\/online.sushizushi.pl\/sadyba\/","name":"Sushi Zushi Sadyba | Powsi\u0144ska 31, 02-903 Warszawa","description":"Powsi\u0144ska 31, 02-903 Warszawa","potentialAction":[{"@type":"SearchAction","target":{"@type":"EntryPoint","urlTemplate":"https:\/\/online.sushizushi.pl\/sadyba\/?s={search_term_string}"},"query-input":{"@type":"PropertyValueSpecification","valueRequired":true,"valueName":"search_term_string"}}],"inLanguage":"pl-PL"}]}},"_links":{"self":[{"href":"https:\/\/online.sushizushi.pl\/sadyba\/wp-json\/wp\/v2\/pages\/773","targetHints":{"allow":["GET"]}}],"collection":[{"href":"https:\/\/online.sushizushi.pl\/sadyba\/wp-json\/wp\/v2\/pages"}],"about":[{"href":"https:\/\/online.sushizushi.pl\/sadyba\/wp-json\/wp\/v2\/types\/page"}],"author":[{"embeddable":true,"href":"https:\/\/online.sushizushi.pl\/sadyba\/wp-json\/wp\/v2\/users\/1"}],"replies":[{"embeddable":true,"href":"https:\/\/online.sushizushi.pl\/sadyba\/wp-json\/wp\/v2\/comments?post=773"}],"version-history":[{"count":4,"href":"https:\/\/online.sushizushi.pl\/sadyba\/wp-json\/wp\/v2\/pages\/773\/revisions"}],"predecessor-version":[{"id":777,"href":"https:\/\/online.sushizushi.pl\/sadyba\/wp-json\/wp\/v2\/pages\/773\/revisions\/777"}],"wp:attachment":[{"href":"https:\/\/online.sushizushi.pl\/sadyba\/wp-json\/wp\/v2\/media?parent=773"}],"curies":[{"name":"wp","href":"https:\/\/api.w.org\/{rel}","templated":true}]}}