{"id":464,"date":"2024-10-10T13:18:08","date_gmt":"2024-10-10T13:18:08","guid":{"rendered":"https:\/\/online.sushizushi.pl\/sadyba\/?post_type=product&#038;p=464"},"modified":"2025-04-23T10:13:53","modified_gmt":"2025-04-23T09:13:53","slug":"sake-teriyaki","status":"publish","type":"product","link":"https:\/\/online.sushizushi.pl\/sadyba\/produkt\/sake-teriyaki\/","title":{"rendered":"Sake Teriyaki"},"content":{"rendered":"<p>\u0142oso\u015b marynowany w sosie teriyaki podawany z konfitur\u0105 z fenku\u0142a i duszon\u0105 kapust\u0105 bok choy<\/p>\n","protected":false},"excerpt":{"rendered":"<p>\u0142oso\u015b marynowany w sosie teriyaki podawany z konfitur\u0105 z fenku\u0142a i duszon\u0105 kapust\u0105 bok choy<\/p>\n","protected":false},"featured_media":465,"template":"","meta":{"_acf_changed":false},"product_brand":[],"product_cat":[20],"product_tag":[],"class_list":{"0":"post-464","1":"product","2":"type-product","3":"status-publish","4":"has-post-thumbnail","6":"product_cat-dania-glowne","8":"first","9":"instock","10":"shipping-taxable","11":"purchasable","12":"product-type-simple"},"acf":[],"yoast_head":"<!-- This site is optimized with the Yoast SEO plugin v26.6 - https:\/\/yoast.com\/wordpress\/plugins\/seo\/ -->\n<title>Sake Teriyaki - Sushi Zushi Sadyba<\/title>\n<meta name=\"robots\" content=\"index, follow, max-snippet:-1, max-image-preview:large, max-video-preview:-1\" \/>\n<link rel=\"canonical\" href=\"https:\/\/online.sushizushi.pl\/sadyba\/produkt\/sake-teriyaki\/\" \/>\n<meta property=\"og:locale\" content=\"pl_PL\" \/>\n<meta property=\"og:type\" content=\"article\" \/>\n<meta property=\"og:title\" content=\"Sake Teriyaki - Sushi Zushi Sadyba\" \/>\n<meta property=\"og:description\" content=\"\u0142oso\u015b marynowany w sosie teriyaki podawany z konfitur\u0105 z fenku\u0142a i duszon\u0105 kapust\u0105 bok choy\" \/>\n<meta property=\"og:url\" content=\"https:\/\/online.sushizushi.pl\/sadyba\/produkt\/sake-teriyaki\/\" \/>\n<meta property=\"og:site_name\" content=\"Sushi Zushi Sadyba\" \/>\n<meta property=\"article:modified_time\" content=\"2025-04-23T09:13:53+00:00\" \/>\n<meta property=\"og:image\" content=\"https:\/\/online.sushizushi.pl\/sadyba\/wp-content\/uploads\/sites\/4\/2024\/10\/losos-teri.png\" \/>\n\t<meta property=\"og:image:width\" content=\"977\" \/>\n\t<meta property=\"og:image:height\" content=\"718\" \/>\n\t<meta property=\"og:image:type\" content=\"image\/png\" \/>\n<meta name=\"twitter:card\" content=\"summary_large_image\" \/>\n<meta name=\"twitter:label1\" content=\"Szacowany czas czytania\" \/>\n\t<meta name=\"twitter:data1\" content=\"1 minuta\" \/>\n<script type=\"application\/ld+json\" class=\"yoast-schema-graph\">{\"@context\":\"https:\/\/schema.org\",\"@graph\":[{\"@type\":\"WebPage\",\"@id\":\"https:\/\/online.sushizushi.pl\/sadyba\/produkt\/sake-teriyaki\/\",\"url\":\"https:\/\/online.sushizushi.pl\/sadyba\/produkt\/sake-teriyaki\/\",\"name\":\"Sake Teriyaki - Sushi Zushi Sadyba\",\"isPartOf\":{\"@id\":\"https:\/\/online.sushizushi.pl\/sadyba\/#website\"},\"primaryImageOfPage\":{\"@id\":\"https:\/\/online.sushizushi.pl\/sadyba\/produkt\/sake-teriyaki\/#primaryimage\"},\"image\":{\"@id\":\"https:\/\/online.sushizushi.pl\/sadyba\/produkt\/sake-teriyaki\/#primaryimage\"},\"thumbnailUrl\":\"https:\/\/online.sushizushi.pl\/sadyba\/wp-content\/uploads\/sites\/4\/2024\/10\/losos-teri.png\",\"datePublished\":\"2024-10-10T13:18:08+00:00\",\"dateModified\":\"2025-04-23T09:13:53+00:00\",\"breadcrumb\":{\"@id\":\"https:\/\/online.sushizushi.pl\/sadyba\/produkt\/sake-teriyaki\/#breadcrumb\"},\"inLanguage\":\"pl-PL\",\"potentialAction\":[{\"@type\":\"ReadAction\",\"target\":[\"https:\/\/online.sushizushi.pl\/sadyba\/produkt\/sake-teriyaki\/\"]}]},{\"@type\":\"ImageObject\",\"inLanguage\":\"pl-PL\",\"@id\":\"https:\/\/online.sushizushi.pl\/sadyba\/produkt\/sake-teriyaki\/#primaryimage\",\"url\":\"https:\/\/online.sushizushi.pl\/sadyba\/wp-content\/uploads\/sites\/4\/2024\/10\/losos-teri.png\",\"contentUrl\":\"https:\/\/online.sushizushi.pl\/sadyba\/wp-content\/uploads\/sites\/4\/2024\/10\/losos-teri.png\",\"width\":977,\"height\":718},{\"@type\":\"BreadcrumbList\",\"@id\":\"https:\/\/online.sushizushi.pl\/sadyba\/produkt\/sake-teriyaki\/#breadcrumb\",\"itemListElement\":[{\"@type\":\"ListItem\",\"position\":1,\"name\":\"Strona g\u0142\u00f3wna\",\"item\":\"https:\/\/online.sushizushi.pl\/sadyba\/\"},{\"@type\":\"ListItem\",\"position\":2,\"name\":\"Sklep\",\"item\":\"https:\/\/online.sushizushi.pl\/sadyba\/sklep\/\"},{\"@type\":\"ListItem\",\"position\":3,\"name\":\"Sake Teriyaki\"}]},{\"@type\":\"WebSite\",\"@id\":\"https:\/\/online.sushizushi.pl\/sadyba\/#website\",\"url\":\"https:\/\/online.sushizushi.pl\/sadyba\/\",\"name\":\"Sushi Zushi Sadyba | Powsi\u0144ska 31, 02-903 Warszawa\",\"description\":\"Powsi\u0144ska 31, 02-903 Warszawa\",\"potentialAction\":[{\"@type\":\"SearchAction\",\"target\":{\"@type\":\"EntryPoint\",\"urlTemplate\":\"https:\/\/online.sushizushi.pl\/sadyba\/?s={search_term_string}\"},\"query-input\":{\"@type\":\"PropertyValueSpecification\",\"valueRequired\":true,\"valueName\":\"search_term_string\"}}],\"inLanguage\":\"pl-PL\"}]}<\/script>\n<!-- \/ Yoast SEO plugin. -->","yoast_head_json":{"title":"Sake Teriyaki - Sushi Zushi Sadyba","robots":{"index":"index","follow":"follow","max-snippet":"max-snippet:-1","max-image-preview":"max-image-preview:large","max-video-preview":"max-video-preview:-1"},"canonical":"https:\/\/online.sushizushi.pl\/sadyba\/produkt\/sake-teriyaki\/","og_locale":"pl_PL","og_type":"article","og_title":"Sake Teriyaki - Sushi Zushi Sadyba","og_description":"\u0142oso\u015b marynowany w sosie teriyaki podawany z konfitur\u0105 z fenku\u0142a i duszon\u0105 kapust\u0105 bok choy","og_url":"https:\/\/online.sushizushi.pl\/sadyba\/produkt\/sake-teriyaki\/","og_site_name":"Sushi Zushi Sadyba","article_modified_time":"2025-04-23T09:13:53+00:00","og_image":[{"width":977,"height":718,"url":"https:\/\/online.sushizushi.pl\/sadyba\/wp-content\/uploads\/sites\/4\/2024\/10\/losos-teri.png","type":"image\/png"}],"twitter_card":"summary_large_image","twitter_misc":{"Szacowany czas czytania":"1 minuta"},"schema":{"@context":"https:\/\/schema.org","@graph":[{"@type":"WebPage","@id":"https:\/\/online.sushizushi.pl\/sadyba\/produkt\/sake-teriyaki\/","url":"https:\/\/online.sushizushi.pl\/sadyba\/produkt\/sake-teriyaki\/","name":"Sake Teriyaki - Sushi Zushi Sadyba","isPartOf":{"@id":"https:\/\/online.sushizushi.pl\/sadyba\/#website"},"primaryImageOfPage":{"@id":"https:\/\/online.sushizushi.pl\/sadyba\/produkt\/sake-teriyaki\/#primaryimage"},"image":{"@id":"https:\/\/online.sushizushi.pl\/sadyba\/produkt\/sake-teriyaki\/#primaryimage"},"thumbnailUrl":"https:\/\/online.sushizushi.pl\/sadyba\/wp-content\/uploads\/sites\/4\/2024\/10\/losos-teri.png","datePublished":"2024-10-10T13:18:08+00:00","dateModified":"2025-04-23T09:13:53+00:00","breadcrumb":{"@id":"https:\/\/online.sushizushi.pl\/sadyba\/produkt\/sake-teriyaki\/#breadcrumb"},"inLanguage":"pl-PL","potentialAction":[{"@type":"ReadAction","target":["https:\/\/online.sushizushi.pl\/sadyba\/produkt\/sake-teriyaki\/"]}]},{"@type":"ImageObject","inLanguage":"pl-PL","@id":"https:\/\/online.sushizushi.pl\/sadyba\/produkt\/sake-teriyaki\/#primaryimage","url":"https:\/\/online.sushizushi.pl\/sadyba\/wp-content\/uploads\/sites\/4\/2024\/10\/losos-teri.png","contentUrl":"https:\/\/online.sushizushi.pl\/sadyba\/wp-content\/uploads\/sites\/4\/2024\/10\/losos-teri.png","width":977,"height":718},{"@type":"BreadcrumbList","@id":"https:\/\/online.sushizushi.pl\/sadyba\/produkt\/sake-teriyaki\/#breadcrumb","itemListElement":[{"@type":"ListItem","position":1,"name":"Strona g\u0142\u00f3wna","item":"https:\/\/online.sushizushi.pl\/sadyba\/"},{"@type":"ListItem","position":2,"name":"Sklep","item":"https:\/\/online.sushizushi.pl\/sadyba\/sklep\/"},{"@type":"ListItem","position":3,"name":"Sake Teriyaki"}]},{"@type":"WebSite","@id":"https:\/\/online.sushizushi.pl\/sadyba\/#website","url":"https:\/\/online.sushizushi.pl\/sadyba\/","name":"Sushi Zushi Sadyba | Powsi\u0144ska 31, 02-903 Warszawa","description":"Powsi\u0144ska 31, 02-903 Warszawa","potentialAction":[{"@type":"SearchAction","target":{"@type":"EntryPoint","urlTemplate":"https:\/\/online.sushizushi.pl\/sadyba\/?s={search_term_string}"},"query-input":{"@type":"PropertyValueSpecification","valueRequired":true,"valueName":"search_term_string"}}],"inLanguage":"pl-PL"}]}},"_links":{"self":[{"href":"https:\/\/online.sushizushi.pl\/sadyba\/wp-json\/wp\/v2\/product\/464","targetHints":{"allow":["GET"]}}],"collection":[{"href":"https:\/\/online.sushizushi.pl\/sadyba\/wp-json\/wp\/v2\/product"}],"about":[{"href":"https:\/\/online.sushizushi.pl\/sadyba\/wp-json\/wp\/v2\/types\/product"}],"wp:featuredmedia":[{"embeddable":true,"href":"https:\/\/online.sushizushi.pl\/sadyba\/wp-json\/wp\/v2\/media\/465"}],"wp:attachment":[{"href":"https:\/\/online.sushizushi.pl\/sadyba\/wp-json\/wp\/v2\/media?parent=464"}],"wp:term":[{"taxonomy":"product_brand","embeddable":true,"href":"https:\/\/online.sushizushi.pl\/sadyba\/wp-json\/wp\/v2\/product_brand?post=464"},{"taxonomy":"product_cat","embeddable":true,"href":"https:\/\/online.sushizushi.pl\/sadyba\/wp-json\/wp\/v2\/product_cat?post=464"},{"taxonomy":"product_tag","embeddable":true,"href":"https:\/\/online.sushizushi.pl\/sadyba\/wp-json\/wp\/v2\/product_tag?post=464"}],"curies":[{"name":"wp","href":"https:\/\/api.w.org\/{rel}","templated":true}]}}