{"id":3,"date":"2024-01-11T17:55:26","date_gmt":"2024-01-11T17:55:26","guid":{"rendered":"https:\/\/online.sushizushi.pl\/zurawia\/?page_id=3"},"modified":"2024-11-25T21:33:43","modified_gmt":"2024-11-25T21:33:43","slug":"polityka-prywatnosci","status":"publish","type":"page","link":"https:\/\/online.sushizushi.pl\/zurawia\/polityka-prywatnosci\/","title":{"rendered":"Polityka prywatno\u015bci"},"content":{"rendered":"\n<!DOCTYPE html>\n<html lang=\"pl\">\n<head>\n    <meta charset=\"UTF-8\">\n    <meta name=\"viewport\" content=\"width=device-width, initial-scale=1.0\">\n    <title>Polityka Prywatno\u015bci i Polityka Cookies<\/title>\n<\/head>\n<body>\n\n<h1>Polityka Prywatno\u015bci i Polityka Cookies<\/h1>\n<p><strong>SUSHI 2 GO JOLANTA KISIELI\u0143SKA<\/strong><br>\nul. \u017burawia 6\/12<br>\n00-503 Warszawa<br>\nNIP: 1180866002, REGON: 012938949<br>\nEmail: <a href=\"mailto:kontakt@sushizushi.pl\">kontakt@sushizushi.pl<\/a><\/p>\n\n<h2>Ochrona danych osobowych<\/h2>\n<p>W trosce o bezpiecze\u0144stwo powierzonych nam danych opracowali\u015bmy wewn\u0119trzne procedury i zalecenia, kt\u00f3re maj\u0105 zapobiec udost\u0119pnieniu danych osobom nieupowa\u017cnionym. Kontrolujemy ich wykonywanie i stale sprawdzamy ich zgodno\u015b\u0107 z odpowiednimi aktami prawnymi \u2013 ustaw\u0105 o ochronie danych osobowych, ustaw\u0105 o \u015bwiadczeniu us\u0142ug drog\u0105 elektroniczn\u0105, a tak\u017ce wszelkiego rodzaju aktach wykonawczych i aktach prawa wsp\u00f3lnotowego.<\/p>\n\n<h2>Definicje<\/h2>\n<ul>\n    <li><strong>Administrator \/ My:<\/strong> SUSHI 2 GO JOLANTA KISIELI\u0143SKA, ul. \u017burawia 6\/12, 00-503 Warszawa, NIP: 1180866002, REGON: 012938949<\/li>\n    <li><strong>RODO:<\/strong> Rozporz\u0105dzenie Parlamentu Europejskiego i Rady (UE) 2016\/679 z dnia 27 kwietnia 2016 r.<\/li>\n    <li><strong>Serwis:<\/strong> sklep internetowy prowadzony przez Administratora<\/li>\n    <li><strong>U\u017cytkownik \/ Ty:<\/strong> ka\u017cda osoba fizyczna odwiedzaj\u0105ca Serwis lub korzystaj\u0105ca z us\u0142ug.<\/li>\n<\/ul>\n\n<h2>Co robimy z Twoimi danymi?<\/h2>\n<p>Gdy dokonasz zakupu w naszym sklepie, cz\u0119\u015bci\u0105 procesu kupna jest gromadzenie danych personalnych, kt\u00f3re nam udost\u0119pniasz, takich jak imi\u0119, adres i adres email. S\u0105 one niezb\u0119dne do realizacji zam\u00f3wienia.<\/p>\n<p>Kiedy przegl\u0105dasz Serwis, automatycznie otrzymujemy Tw\u00f3j adres IP, co dostarcza nam informacji na temat Twojej przegl\u0105darki i systemu operacyjnego.<\/p>\n\n<h2>Cookies<\/h2>\n<p>Serwis u\u017cywa plik\u00f3w \u201ecookies\u201d. S\u0105 to kr\u00f3tkie informacje tekstowe, zapisywane na komputerze, telefonie, tablecie, czy te\u017c innym urz\u0105dzeniu U\u017cytkownik\u00f3w. Cookies mog\u0105 by\u0107 odczytywane przez nas, jak r\u00f3wnie\u017c przez systemy nale\u017c\u0105ce do naszych partner\u00f3w, np. Google.<\/p>\n\n<h2>Cele i podstawy prawne przetwarzania danych<\/h2>\n<ul>\n    <li>W celu \u015bwiadczenia us\u0142ug drog\u0105 elektroniczn\u0105 \u2013 <em>art. 6 ust. 1 lit b RODO<\/em>.<\/li>\n    <li>W celu ustalenia i dochodzenia roszcze\u0144 \u2013 <em>art. 6 ust. 1 lit f RODO<\/em>.<\/li>\n    <li>W celu przesy\u0142ania informacji handlowych \u2013 <em>art. 6 ust. 1 lit. a RODO<\/em>.<\/li>\n    <li>W celach analitycznych i statystycznych \u2013 <em>art. 6 ust. 1 lit f RODO<\/em>.<\/li>\n<\/ul>\n\n<h2>Newsletter<\/h2>\n<p>Przetwarzamy Twoje dane osobowe w celu realizowania dzia\u0142a\u0144 marketingowych, w tym wysy\u0142ania tre\u015bci odpowiadaj\u0105cych Twoim zainteresowaniom (newsletter), o ile wyrazisz zgod\u0119.<\/p>\n\n<h2>Twoje uprawnienia<\/h2>\n<p>Masz prawo do:<\/p>\n<ul>\n    <li>dost\u0119pu do tre\u015bci danych oraz ich sprostowania,<\/li>\n    <li>usuni\u0119cia danych,<\/li>\n    <li>ograniczenia przetwarzania,<\/li>\n    <li>przenoszenia danych,<\/li>\n    <li>wniesienia sprzeciwu wobec przetwarzania danych,<\/li>\n    <li>z\u0142o\u017cenia skargi do organu nadzorczego \u2013 Prezesa UODO, ul. Stawki 2, 00-193 Warszawa.<\/li>\n<\/ul>\n\n<p>Mo\u017cesz skontaktowa\u0107 si\u0119 z nami pod adresem e-mail: <a href=\"mailto:kontakt@sushizushi.pl\">kontakt@sushizushi.pl<\/a> lub pisemnie na adres siedziby.<\/p>\n\n<h2>Zmiany Polityki<\/h2>\n<p>Polityka jest na bie\u017c\u0105co weryfikowana i aktualizowana. Obecna wersja obowi\u0105zuje od 01.08.2024.<\/p>\n\n<\/body>\n<\/html>\n","protected":false},"excerpt":{"rendered":"<p>Polityka Prywatno\u015bci i Polityka Cookies Polityka Prywatno\u015bci i Polityka Cookies SUSHI 2 GO JOLANTA KISIELI\u0143SKA ul. \u017burawia 6\/12 00-503 Warszawa NIP: 1180866002, REGON: 012938949 Email: kontakt@sushizushi.pl Ochrona danych osobowych W trosce o bezpiecze\u0144stwo powierzonych nam danych opracowali\u015bmy wewn\u0119trzne procedury i zalecenia, kt\u00f3re maj\u0105 zapobiec udost\u0119pnieniu danych osobom nieupowa\u017cnionym. Kontrolujemy ich wykonywanie i stale sprawdzamy ich [&hellip;]<\/p>\n","protected":false},"author":1,"featured_media":0,"parent":0,"menu_order":0,"comment_status":"closed","ping_status":"open","template":"","meta":{"_acf_changed":false,"footnotes":""},"class_list":["post-3","page","type-page","status-publish","hentry"],"acf":[],"yoast_head":"<!-- This site is optimized with the Yoast SEO plugin v26.6 - https:\/\/yoast.com\/wordpress\/plugins\/seo\/ -->\n<title>Polityka prywatno\u015bci - Sushi Zushi \u017burawia<\/title>\n<meta name=\"robots\" content=\"index, follow, max-snippet:-1, max-image-preview:large, max-video-preview:-1\" \/>\n<link rel=\"canonical\" href=\"https:\/\/online.sushizushi.pl\/zurawia\/polityka-prywatnosci\/\" \/>\n<meta property=\"og:locale\" content=\"pl_PL\" \/>\n<meta property=\"og:type\" content=\"article\" \/>\n<meta property=\"og:title\" content=\"Polityka prywatno\u015bci - Sushi Zushi \u017burawia\" \/>\n<meta property=\"og:description\" content=\"Polityka Prywatno\u015bci i Polityka Cookies Polityka Prywatno\u015bci i Polityka Cookies SUSHI 2 GO JOLANTA KISIELI\u0143SKA ul. \u017burawia 6\/12 00-503 Warszawa NIP: 1180866002, REGON: 012938949 Email: kontakt@sushizushi.pl Ochrona danych osobowych W trosce o bezpiecze\u0144stwo powierzonych nam danych opracowali\u015bmy wewn\u0119trzne procedury i zalecenia, kt\u00f3re maj\u0105 zapobiec udost\u0119pnieniu danych osobom nieupowa\u017cnionym. Kontrolujemy ich wykonywanie i stale sprawdzamy ich [&hellip;]\" \/>\n<meta property=\"og:url\" content=\"https:\/\/online.sushizushi.pl\/zurawia\/polityka-prywatnosci\/\" \/>\n<meta property=\"og:site_name\" content=\"Sushi Zushi \u017burawia\" \/>\n<meta property=\"article:modified_time\" content=\"2024-11-25T21:33:43+00:00\" \/>\n<meta name=\"twitter:card\" content=\"summary_large_image\" \/>\n<meta name=\"twitter:label1\" content=\"Szacowany czas czytania\" \/>\n\t<meta name=\"twitter:data1\" content=\"3 minuty\" \/>\n<script type=\"application\/ld+json\" class=\"yoast-schema-graph\">{\"@context\":\"https:\/\/schema.org\",\"@graph\":[{\"@type\":\"WebPage\",\"@id\":\"https:\/\/online.sushizushi.pl\/zurawia\/polityka-prywatnosci\/\",\"url\":\"https:\/\/online.sushizushi.pl\/zurawia\/polityka-prywatnosci\/\",\"name\":\"Polityka prywatno\u015bci - Sushi Zushi \u017burawia\",\"isPartOf\":{\"@id\":\"https:\/\/online.sushizushi.pl\/zurawia\/#website\"},\"datePublished\":\"2024-01-11T17:55:26+00:00\",\"dateModified\":\"2024-11-25T21:33:43+00:00\",\"breadcrumb\":{\"@id\":\"https:\/\/online.sushizushi.pl\/zurawia\/polityka-prywatnosci\/#breadcrumb\"},\"inLanguage\":\"pl-PL\",\"potentialAction\":[{\"@type\":\"ReadAction\",\"target\":[\"https:\/\/online.sushizushi.pl\/zurawia\/polityka-prywatnosci\/\"]}]},{\"@type\":\"BreadcrumbList\",\"@id\":\"https:\/\/online.sushizushi.pl\/zurawia\/polityka-prywatnosci\/#breadcrumb\",\"itemListElement\":[{\"@type\":\"ListItem\",\"position\":1,\"name\":\"Strona g\u0142\u00f3wna\",\"item\":\"https:\/\/online.sushizushi.pl\/zurawia\/\"},{\"@type\":\"ListItem\",\"position\":2,\"name\":\"Polityka prywatno\u015bci\"}]},{\"@type\":\"WebSite\",\"@id\":\"https:\/\/online.sushizushi.pl\/zurawia\/#website\",\"url\":\"https:\/\/online.sushizushi.pl\/zurawia\/\",\"name\":\"Sushi Zushi \u017burawia | \u017burawia 6\/12, 00-503 Warszawa\",\"description\":\"\u017burawia 6\/12, 00-503 Warszawa\",\"potentialAction\":[{\"@type\":\"SearchAction\",\"target\":{\"@type\":\"EntryPoint\",\"urlTemplate\":\"https:\/\/online.sushizushi.pl\/zurawia\/?s={search_term_string}\"},\"query-input\":{\"@type\":\"PropertyValueSpecification\",\"valueRequired\":true,\"valueName\":\"search_term_string\"}}],\"inLanguage\":\"pl-PL\"}]}<\/script>\n<!-- \/ Yoast SEO plugin. -->","yoast_head_json":{"title":"Polityka prywatno\u015bci - Sushi Zushi \u017burawia","robots":{"index":"index","follow":"follow","max-snippet":"max-snippet:-1","max-image-preview":"max-image-preview:large","max-video-preview":"max-video-preview:-1"},"canonical":"https:\/\/online.sushizushi.pl\/zurawia\/polityka-prywatnosci\/","og_locale":"pl_PL","og_type":"article","og_title":"Polityka prywatno\u015bci - Sushi Zushi \u017burawia","og_description":"Polityka Prywatno\u015bci i Polityka Cookies Polityka Prywatno\u015bci i Polityka Cookies SUSHI 2 GO JOLANTA KISIELI\u0143SKA ul. \u017burawia 6\/12 00-503 Warszawa NIP: 1180866002, REGON: 012938949 Email: kontakt@sushizushi.pl Ochrona danych osobowych W trosce o bezpiecze\u0144stwo powierzonych nam danych opracowali\u015bmy wewn\u0119trzne procedury i zalecenia, kt\u00f3re maj\u0105 zapobiec udost\u0119pnieniu danych osobom nieupowa\u017cnionym. Kontrolujemy ich wykonywanie i stale sprawdzamy ich [&hellip;]","og_url":"https:\/\/online.sushizushi.pl\/zurawia\/polityka-prywatnosci\/","og_site_name":"Sushi Zushi \u017burawia","article_modified_time":"2024-11-25T21:33:43+00:00","twitter_card":"summary_large_image","twitter_misc":{"Szacowany czas czytania":"3 minuty"},"schema":{"@context":"https:\/\/schema.org","@graph":[{"@type":"WebPage","@id":"https:\/\/online.sushizushi.pl\/zurawia\/polityka-prywatnosci\/","url":"https:\/\/online.sushizushi.pl\/zurawia\/polityka-prywatnosci\/","name":"Polityka prywatno\u015bci - Sushi Zushi \u017burawia","isPartOf":{"@id":"https:\/\/online.sushizushi.pl\/zurawia\/#website"},"datePublished":"2024-01-11T17:55:26+00:00","dateModified":"2024-11-25T21:33:43+00:00","breadcrumb":{"@id":"https:\/\/online.sushizushi.pl\/zurawia\/polityka-prywatnosci\/#breadcrumb"},"inLanguage":"pl-PL","potentialAction":[{"@type":"ReadAction","target":["https:\/\/online.sushizushi.pl\/zurawia\/polityka-prywatnosci\/"]}]},{"@type":"BreadcrumbList","@id":"https:\/\/online.sushizushi.pl\/zurawia\/polityka-prywatnosci\/#breadcrumb","itemListElement":[{"@type":"ListItem","position":1,"name":"Strona g\u0142\u00f3wna","item":"https:\/\/online.sushizushi.pl\/zurawia\/"},{"@type":"ListItem","position":2,"name":"Polityka prywatno\u015bci"}]},{"@type":"WebSite","@id":"https:\/\/online.sushizushi.pl\/zurawia\/#website","url":"https:\/\/online.sushizushi.pl\/zurawia\/","name":"Sushi Zushi \u017burawia | \u017burawia 6\/12, 00-503 Warszawa","description":"\u017burawia 6\/12, 00-503 Warszawa","potentialAction":[{"@type":"SearchAction","target":{"@type":"EntryPoint","urlTemplate":"https:\/\/online.sushizushi.pl\/zurawia\/?s={search_term_string}"},"query-input":{"@type":"PropertyValueSpecification","valueRequired":true,"valueName":"search_term_string"}}],"inLanguage":"pl-PL"}]}},"_links":{"self":[{"href":"https:\/\/online.sushizushi.pl\/zurawia\/wp-json\/wp\/v2\/pages\/3","targetHints":{"allow":["GET"]}}],"collection":[{"href":"https:\/\/online.sushizushi.pl\/zurawia\/wp-json\/wp\/v2\/pages"}],"about":[{"href":"https:\/\/online.sushizushi.pl\/zurawia\/wp-json\/wp\/v2\/types\/page"}],"author":[{"embeddable":true,"href":"https:\/\/online.sushizushi.pl\/zurawia\/wp-json\/wp\/v2\/users\/1"}],"replies":[{"embeddable":true,"href":"https:\/\/online.sushizushi.pl\/zurawia\/wp-json\/wp\/v2\/comments?post=3"}],"version-history":[{"count":6,"href":"https:\/\/online.sushizushi.pl\/zurawia\/wp-json\/wp\/v2\/pages\/3\/revisions"}],"predecessor-version":[{"id":1176,"href":"https:\/\/online.sushizushi.pl\/zurawia\/wp-json\/wp\/v2\/pages\/3\/revisions\/1176"}],"wp:attachment":[{"href":"https:\/\/online.sushizushi.pl\/zurawia\/wp-json\/wp\/v2\/media?parent=3"}],"curies":[{"name":"wp","href":"https:\/\/api.w.org\/{rel}","templated":true}]}}