{"id":885,"date":"2024-10-23T07:41:45","date_gmt":"2024-10-23T07:41:45","guid":{"rendered":"https:\/\/online.sushizushi.pl\/zurawia\/?page_id=885"},"modified":"2024-11-25T21:30:02","modified_gmt":"2024-11-25T21:30:02","slug":"regulamin","status":"publish","type":"page","link":"https:\/\/online.sushizushi.pl\/zurawia\/regulamin\/","title":{"rendered":"Regulamin"},"content":{"rendered":"\t\t<div data-elementor-type=\"wp-page\" data-elementor-id=\"885\" class=\"elementor elementor-885\" data-elementor-post-type=\"page\">\n\t\t\t\t<div class=\"elementor-element elementor-element-32af5973 e-flex e-con-boxed e-con e-parent\" data-id=\"32af5973\" data-element_type=\"container\">\n\t\t\t\t\t<div class=\"e-con-inner\">\n\t\t\t\t<div class=\"elementor-element elementor-element-4d71863 elementor-widget elementor-widget-heading\" data-id=\"4d71863\" data-element_type=\"widget\" data-widget_type=\"heading.default\">\n\t\t\t\t<div class=\"elementor-widget-container\">\n\t\t\t\t\t<h2 class=\"elementor-heading-title elementor-size-default\">Regulamin<\/h2>\t\t\t\t<\/div>\n\t\t\t\t<\/div>\n\t\t\t\t<div class=\"elementor-element elementor-element-707fafad elementor-widget elementor-widget-text-editor\" data-id=\"707fafad\" data-element_type=\"widget\" data-widget_type=\"text-editor.default\">\n\t\t\t\t<div class=\"elementor-widget-container\">\n\t\t\t\t\t\t\t\t\t<p><\/p>\n<p><strong>Regulamin serwisu sushizushi.pl oraz online.sushizushi.pl<\/strong><\/p>\n<p><\/p>\n<p>Regulamin serwisu internetowego \u2013 \u015bwiadczenia us\u0142ug w ramach serwisu sushizushi.pl<\/p>\n<p><\/p>\n<p>Administratorem serwisu jest SUSHI 2 GO JOLANTA KISIELI\u0143SKA z siedzib\u0105 przy ul. \u017burawia 6\/12, 00-503 Warszawa, NIP: 1180866002, REGON: 012938949.<\/p>\n<p><\/p>\n<p><strong>\u00a7 1<\/strong><\/p>\n<p><\/p>\n<p><strong>Postanowienia wst\u0119pne<\/strong><\/p>\n<p><\/p>\n<ol class=\"wp-block-list\">\n<li>Za po\u015brednictwem Serwisu, Sprzedawca zapewnia Kupuj\u0105cemu mo\u017cliwo\u015b\u0107 zawarcia umowy o dostaw\u0119 z wykorzystaniem narz\u0119dzia Woocommerce &#8211; WordPress.<\/li>\n<li>Regulamin okre\u015bla zasady i warunki korzystania z Serwisu, a tak\u017ce prawa i obowi\u0105zki Sprzedawcy i Kupuj\u0105cych.<\/li>\n<li>Do korzystania z Serwisu nie jest konieczne spe\u0142nienie szczeg\u00f3lnych warunk\u00f3w technicznych przez komputer lub inne urz\u0105dzenie Kupuj\u0105cego. Wystarczaj\u0105ce s\u0105:\n<ol>\n<li>Dost\u0119p do Internetu,<\/li>\n<li>Standardowy system operacyjny,<\/li>\n<li>Standardowa przegl\u0105darka internetowa,<\/li>\n<li>Posiadanie aktywnego adresu e-mail.<\/li>\n<\/ol>\n<\/li>\n<li>Kupuj\u0105cy nie mo\u017ce skorzysta\u0107 z serwisu anonimowo ani pod pseudonimem.<\/li>\n<li>Zakazane jest podczas korzystania ze Serwisu dostarczanie tre\u015bci o charakterze bezprawnym, w szczeg\u00f3lno\u015bci poprzez przesy\u0142anie takich tre\u015bci za po\u015brednictwem formularzy dost\u0119pnych w Serwisie.<\/li>\n<li>Wszystkie ceny produkt\u00f3w podane na stronach Serwisu s\u0105 cenami brutto.<\/li>\n<\/ol>\n<p><\/p>\n<p><strong>\u00a7 2<\/strong><\/p>\n<p><\/p>\n<p><strong>Us\u0142ugi \u015bwiadczone drog\u0105 elektroniczn\u0105<\/strong><\/p>\n<p><\/p>\n<ol class=\"wp-block-list\">\n<li>Za po\u015brednictwem Serwisu, Sprzedawca \u015bwiadczy na rzecz Kupuj\u0105cego us\u0142ugi drog\u0105 elektroniczn\u0105.<\/li>\n<li>Podstawow\u0105 us\u0142ug\u0105 \u015bwiadczon\u0105 drog\u0105 elektroniczn\u0105 na rzecz Kupuj\u0105cego przez Sprzedawc\u0119 jest umo\u017cliwienie Kupuj\u0105cemu z\u0142o\u017cenia zam\u00f3wienia w Serwisie prowadz\u0105cego do zawarcia ze Sprzedawc\u0105 umowy. Z\u0142o\u017cenie zam\u00f3wienia mo\u017cliwe jest bez konieczno\u015bci posiadania konta w Serwisie.<\/li>\n<li>Us\u0142ugi \u015bwiadczone s\u0105 odp\u0142atnie.<\/li>\n<li>W celu zapewnienia bezpiecze\u0144stwa Kupuj\u0105cemu i przekazania danych w zwi\u0105zku z korzystaniem ze Serwisu, Sprzedawca podejmuje \u015brodki techniczne i organizacyjne odpowiednie do stopnia zagro\u017cenia bezpiecze\u0144stwa \u015bwiadczonych us\u0142ug, w szczeg\u00f3lno\u015bci \u015brodki s\u0142u\u017c\u0105ce zapobieganiu pozyskiwania i modyfikacji danych osobowych przez osoby nieuprawnione.<\/li>\n<li>Sprzedawca podejmuje dzia\u0142ania w celu zapewnienia w pe\u0142ni poprawnego funkcjonowania Serwisu. Kupuj\u0105cy powinien poinformowa\u0107 Sprzedawc\u0119 o wszelkich nieprawid\u0142owo\u015bciach lub przerwach w funkcjonowaniu Serwisu.<\/li>\n<li>Wszelkie reklamacje zwi\u0105zane z funkcjonowaniem Serwisu, Kupuj\u0105cy mo\u017ce zg\u0142asza\u0107 za po\u015brednictwem poczty elektronicznej na adres e-mail kontakt@sushizushi.pl. W reklamacji Kupuj\u0105cy powinien poda\u0107 imi\u0119 i nazwisko, adres do korespondencji, a tak\u017ce rodzaj i dat\u0119 wyst\u0105pienia nieprawid\u0142owo\u015bci zwi\u0105zanej z funkcjonowaniem Serwisu. Sprzedawca b\u0119dzie rozpatrywa\u0107 wszelkie reklamacje w terminie do 14 dni od otrzymania reklamacji i poinformuje Klienta o jej rozstrzygni\u0119ciu na adres e-mail sk\u0142adaj\u0105cego reklamacj\u0119.<\/li>\n<\/ol>\n<p><\/p>\n<p><strong>\u00a7 3<\/strong><\/p>\n<p><\/p>\n<p><strong>Sk\u0142adanie zam\u00f3wienia<\/strong><\/p>\n<p><\/p>\n<ol class=\"wp-block-list\">\n<li>Z\u0142o\u017cenie zam\u00f3wienia odbywa si\u0119 poprzez wyb\u00f3r odpowiedniej restauracji. Nast\u0119pnie wyb\u00f3r odpowiednich produkt\u00f3w, a nast\u0119pnie wype\u0142nienie formularza adresowego. W formularzu konieczne jest podanie danych niezb\u0119dnych do realizacji zam\u00f3wienia. Na etapie sk\u0142adania zam\u00f3wienia nast\u0119puje r\u00f3wnie\u017c wyb\u00f3r metody p\u0142atno\u015bci za zam\u00f3wienie. Warunkiem z\u0142o\u017cenia zam\u00f3wienia jest akceptacja Regulaminu, z kt\u00f3rym Kupuj\u0105cy powinien uprzednio si\u0119 zapozna\u0107. W razie jakichkolwiek w\u0105tpliwo\u015bci dotycz\u0105cych regulaminu, Kupuj\u0105cy mo\u017ce skontaktowa\u0107 si\u0119 ze Sprzedawc\u0105.<\/li>\n<li>Po klikni\u0119ciu w przycisk finalizuj\u0105cy zam\u00f3wienie Kupuj\u0105cy zostanie przekierowany do bramki p\u0142atno\u015bci, zgodnie z wybran\u0105 metod\u0105 p\u0142atno\u015bci. Po skutecznym dokonaniu p\u0142atno\u015bci, Kupuj\u0105cy zostanie zwrotnie przekierowany na stron\u0119 Serwisu z potwierdzeniem zam\u00f3wienia. Z t\u0105 chwil\u0105 umow\u0119 uwa\u017ca si\u0119 za zawart\u0105 pomi\u0119dzy Kupuj\u0105cym a Sprzedawc\u0105. Potwierdzenie zawarcia umowy zostanie przes\u0142ane Kupuj\u0105cemu na adres e-mail podany w formularzu zam\u00f3wienia.<\/li>\n<li>W formularzu zam\u00f3wienia Kupuj\u0105cy musi poda\u0107 prawdziwe dane osobowe. Kupuj\u0105cy ponosi odpowiedzialno\u015b\u0107 za podanie nieprawdziwych danych osobowych. Sprzedawca zastrzega sobie prawo do wstrzymania realizacji zam\u00f3wienia w sytuacji, gdy Kupuj\u0105cy poda\u0142 nieprawdziwe dane lub gdy dane te budz\u0105 uzasadnione w\u0105tpliwo\u015bci Sprzedawcy co do ich poprawno\u015bci. W takim przypadku Kupuj\u0105cy zostanie poinformowany telefonicznie lub poprzez poczt\u0119 elektroniczn\u0105 o w\u0105tpliwo\u015bciach Sprzedawcy. W takiej sytuacji Kupuj\u0105cemu przys\u0142uguje prawo wyja\u015bnienia wszelkich okoliczno\u015bci zwi\u0105zanych z weryfikacj\u0105 prawdziwo\u015bci podanych danych. W przypadku braku danych pozwalaj\u0105cych Sprzedawcy na podj\u0119cie kontaktu z Kupuj\u0105cym, Sprzedawca udzieli wszelkich wyja\u015bnie\u0144 po podj\u0119ciu kontaktu przez Kupuj\u0105cego.<\/li>\n<li>Kupuj\u0105cy o\u015bwiadcza, \u017ce wszelkie dane podane przez niego w formularzu zam\u00f3wienia s\u0105 prawdziwe, natomiast Sprzedawca nie jest zobowi\u0105zany do weryfikowania ich prawdziwo\u015bci i poprawno\u015bci.<\/li>\n<\/ol>\n<p><\/p>\n<p><strong>\u00a7 4<\/strong><\/p>\n<p><\/p>\n<p><strong>Dostawa i p\u0142atno\u015b\u0107<\/strong><\/p>\n<p><\/p>\n<ol class=\"wp-block-list\">\n<li>Dost\u0119pne metody p\u0142atno\u015bci za zam\u00f3wienie opisane s\u0105 na stronach Serwisu oraz prezentowane s\u0105 Kupuj\u0105cemu na etapie sk\u0142adania zam\u00f3wienia.<\/li>\n<li>Realizacja zam\u00f3wienia zostanie rozpocz\u0119ta po potwierdzeniu przyj\u0119cia zam\u00f3wienia na podany adres mailowy.\u00a0<\/li>\n<\/ol>\n<p><\/p>\n<p><strong>\u00a7 5<\/strong><\/p>\n<p><\/p>\n<p><strong>Prawa w\u0142asno\u015bci intelektualnej<\/strong><\/p>\n<p><\/p>\n<ol class=\"wp-block-list\">\n<li>Sprzedawca poucza niniejszym Kupuj\u0105cego, \u017ce tre\u015bci zawarte w Serwisie oraz produkty elektroniczne obj\u0119te s\u0105 ochron\u0105 prawa autorskiego.<\/li>\n<li>Prawa autorskie maj\u0105tkowe i osobiste co do produkt\u00f3w i tre\u015bci dystrybuowanych za pomoc\u0105 Serwisu nale\u017c\u0105 do Sprzedawcy.\u00a0<\/li>\n<li>Bezprawne rozpowszechnianie tre\u015bci lub materia\u0142\u00f3w, o kt\u00f3rych mowa w ust. 1 powy\u017cej, mo\u017ce skutkowa\u0107 odpowiedzialno\u015bci\u0105 cywiln\u0105 lub karn\u0105.<\/li>\n<\/ol>\n<p><\/p>\n<p><strong>\u00a7 6<\/strong><\/p>\n<p><\/p>\n<p><strong>Odst\u0105pienie od umowy Konsumenta<\/strong><\/p>\n<p><\/p>\n<ol class=\"wp-block-list\">\n<li>Konsument, kt\u00f3ry zawar\u0142 ze Sprzedawc\u0105 umow\u0119 na odleg\u0142o\u015b\u0107, ma prawo odst\u0105pi\u0107 od umowy bez podawania przyczyny w terminie 14 dni od dnia zawarcia umowy.<\/li>\n<li>Prawo do odst\u0105pienia od umowy nie przys\u0142uguje w odniesieniu do um\u00f3w, kt\u00f3re zosta\u0142y ju\u017c wykonane lub te\u017c Konsument otrzyma\u0142 uprzednio informacje i wyrazi\u0142 zgod\u0119 na natychmiastow\u0105 realizacj\u0119 umowy jednocze\u015bnie zrzekaj\u0105c si\u0119 prawa odst\u0105pienia od umowy.\u00a0<\/li>\n<li>Prawo do odst\u0105pienia od umowy nie przys\u0142uguje r\u00f3wnie\u017c, w odniesieniu do produkt\u00f3w przygotowywanych na specjalne zam\u00f3wienie Konsumenta oraz wed\u0142ug osobistych preferencji.\u00a0<\/li>\n<li>Chwil\u0105 rozpocz\u0119cia \u015bwiadczenia jest dor\u0119czenie Kupuj\u0105cemu wiadomo\u015bci e-mail z potwierdzeniem zam\u00f3wienia.<\/li>\n<li>Aby odst\u0105pi\u0107 od umowy, Konsument musi poinformowa\u0107 Sprzedawc\u0119 o swojej decyzji o odst\u0105pieniu od umowy w drodze jednoznacznego o\u015bwiadczenia &#8211; na przyk\u0142ad pismo wys\u0142ane poczt\u0105, faksem lub poczt\u0105 elektroniczn\u0105.<\/li>\n<li>Aby zachowa\u0107 termin do odst\u0105pienia od umowy, wystarczy, aby Konsument wys\u0142a\u0142 informacj\u0119 dotycz\u0105c\u0105 wykonania przys\u0142uguj\u0105cego Konsumentowi prawa odst\u0105pienia od umowy przed up\u0142ywem terminu do odst\u0105pienia od umowy.<\/li>\n<\/ol>\n<p><\/p>\n<p><strong>\u00a7 7<\/strong><\/p>\n<p><\/p>\n<p><strong>Odpowiedzialno\u015b\u0107 za wady<\/strong><\/p>\n<p><\/p>\n<ol class=\"wp-block-list\">\n<li>Sprzedawca ma obowi\u0105zek dostarczy\u0107 Kupuj\u0105cemu produkt wolny od wad.<\/li>\n<li>Je\u015bli Kupuj\u0105cy stwierdzi wad\u0119 produktu powinien poinformowa\u0107 o tym Sprzedawc\u0119, okre\u015blaj\u0105c jednocze\u015bnie swoje roszczenie zwi\u0105zane ze stwierdzon\u0105 wad\u0105 lub sk\u0142adaj\u0105c o\u015bwiadczenie stosownej tre\u015bci.<\/li>\n<li>Kupuj\u0105cy mo\u017ce kontaktowa\u0107 si\u0119 ze Sprzedawc\u0105 zar\u00f3wno poczt\u0105 tradycyjn\u0105, jak r\u00f3wnie\u017c poczt\u0105 elektroniczn\u0105.<\/li>\n<li>Sprzedawca ustosunkuje si\u0119 do sk\u0142adanej przez Kupuj\u0105cego reklamacji w ci\u0105gu 14 dni od dnia dor\u0119czenia mu reklamacji za pomoc\u0105 takiego \u015brodka komunikacji, przy wykorzystaniu kt\u00f3rego reklamacja zosta\u0142a z\u0142o\u017cona.<\/li>\n<\/ol>\n<p><\/p>\n<p><strong>\u00a7 8<\/strong><\/p>\n<p><\/p>\n<p><strong>Dane osobowe i pliki cookies<\/strong><\/p>\n<p><\/p>\n<ol class=\"wp-block-list\">\n<li>Administratorem danych osobowych Kupuj\u0105cego jest Sprzedawca.<\/li>\n<li>Dane osobowe Kupuj\u0105cego przetwarzane s\u0105 w celu obs\u0142ugi zam\u00f3wie\u0144, konta u\u017cytkownika oraz ewentualnej obrony, dochodzenia lub ustalenia roszcze\u0144 zwi\u0105zanych z zawieranymi za po\u015brednictwem Serwisu umowami.<\/li>\n<li>Szczeg\u00f3\u0142y dotycz\u0105ce przetwarzania danych osobowych oraz wykorzystywania plik\u00f3w cookies znajduj\u0105 si\u0119 w polityce prywatno\u015bci dost\u0119pnej pod adresem: <a href=\"https:\/\/online.sushizushi.pl\/polityka-prywatnosci\/\">https:\/\/online.sushizushi.pl\/polityka-prywatnosci\/<\/a><\/li>\n<\/ol>\n<p><\/p>\n<p><strong>\u00a7 9<\/strong><\/p>\n<p><\/p>\n<p><strong>Pozas\u0105dowe sposoby rozpatrywania reklamacji i dochodzenia roszcze\u0144<\/strong><\/p>\n<p><\/p>\n<ol class=\"wp-block-list\">\n<li>Sprzedawca wyra\u017ca zgod\u0119 na poddanie ewentualnych spor\u00f3w wynik\u0142ych w zwi\u0105zku z zawartymi umowami na drodze post\u0119powania mediacyjnego. Szczeg\u00f3\u0142y zostan\u0105 okre\u015blone przez strony konfliktu.<\/li>\n<li>Konsument ma mo\u017cliwo\u015b\u0107 skorzystania z pozas\u0105dowych sposob\u00f3w rozpatrywania reklamacji i dochodzenia roszcze\u0144. Mi\u0119dzy innymi, Konsument ma mo\u017cliwo\u015b\u0107:<\/li>\n<li>zwr\u00f3cenia si\u0119 do sta\u0142ego polubownego s\u0105du konsumenckiego z wnioskiem o rozstrzygni\u0119ciu sporu wynik\u0142ego z zawartej umowy,<\/li>\n<li>Zwr\u00f3cenia si\u0119 do wojew\u00f3dzkiego inspektora Inspekcji Handlowej z wnioskiem o wszcz\u0119cie post\u0119powania mediacyjnego w sprawie polubownego zako\u0144czenia sporu mi\u0119dzy Kupuj\u0105cym a Sprzedawc\u0105,<\/li>\n<li>Skorzystania z pomocy powiatowego (miejskiego) rzecznika prawa konsumenta lub organizacji spo\u0142ecznej, do kt\u00f3rej statutowych zada\u0144 nale\u017cy ochrona konsument\u00f3w.<\/li>\n<li>Bardziej szczeg\u00f3\u0142owych informacji na temat pozas\u0105dowych sposob\u00f3w rozpatrywania reklamacji i dochodzenia roszcze\u0144, Konsument mo\u017ce szuka\u0107 na stronie internetowej\u00a0<a href=\"http:\/\/polubowne.uokik.gov.pl\/\">http:\/\/polubowne.uokik.gov.pl<\/a>.<\/li>\n<li>Konsument mo\u017ce r\u00f3wnie\u017c skorzysta\u0107 z platformy ODR, kt\u00f3ra dost\u0119pna jest pod adresem\u00a0<a href=\"http:\/\/ec.europa.eu\/consumers\/odr\">http:\/\/ec.europa.eu\/consumers\/odr<\/a>. Platforma s\u0142u\u017cy rozstrzyganiu spor\u00f3w pomi\u0119dzy konsumentami i przedsi\u0119biorcami d\u0105\u017c\u0105cymi do pozas\u0105dowego rozstrzygni\u0119cia sporu dotycz\u0105cego zobowi\u0105za\u0144 umownych wynikaj\u0105cych z internetowej umowy sprzeda\u017cy lub umowy o \u015bwiadczenie us\u0142ug.<\/li>\n<\/ol>\n<p><\/p>\n<p><strong>\u00a7 10<\/strong><\/p>\n<p><\/p>\n<p><strong>Postanowienia ko\u0144cowe<\/strong><\/p>\n<p><\/p>\n<ol class=\"wp-block-list\">\n<li>Sprzedawca zastrzega sobie prawo do wprowadzania oraz odwo\u0142ywania ofert, promocji oraz do zmiany cen w Serwisie bez uszczerbku dla praw nabytych przez Kupuj\u0105cego, w tym w szczeg\u00f3lno\u015bci warunk\u00f3w um\u00f3w zawartych przed dokonaniem zmiany.<\/li>\n<li>Wszelkie spory zwi\u0105zane z umowami zawieranymi za po\u015brednictwem Serwisu b\u0119d\u0105 rozpatrywane przez polski s\u0105d powszechny w\u0142a\u015bciwy ze wzgl\u0119du na sta\u0142e miejsce wykonywania dzia\u0142alno\u015bci gospodarczej przez Sprzedawc\u0119. Postanowienie to nie znajduje zastosowania do Konsument\u00f3w, w przypadku kt\u00f3rych w\u0142a\u015bciwo\u015b\u0107 oraz jurysdykcja s\u0105du rozpatrywane s\u0105 na zasadach og\u00f3lnych.<\/li>\n<li>Sprzedawca zastrzega sobie mo\u017cliwo\u015b\u0107 wprowadzania zmian w Regulaminie. Do um\u00f3w zawartych przed zmian\u0105 Regulaminu stosuje si\u0119 Regulamin obowi\u0105zuj\u0105cy w dacie zawarcia umowy.<\/li>\n<li>Niniejszy Regulamin obowi\u0105zuje od dnia 2.10.2020r.<\/li>\n<\/ol>\n<p><\/p>\t\t\t\t\t\t\t\t<\/div>\n\t\t\t\t<\/div>\n\t\t\t\t\t<\/div>\n\t\t\t\t<\/div>\n\t\t\t\t<\/div>\n\t\t","protected":false},"excerpt":{"rendered":"<p>Regulamin serwisu sushizushi.pl oraz online.sushizushi.pl Regulamin serwisu internetowego \u2013 \u015bwiadczenia us\u0142ug w ramach serwisu sushizushi.pl Administratorem serwisu jest SUSHI 2 GO JOLANTA KISIELI\u0143SKA z siedzib\u0105 przy ul. \u017burawia 6\/12, 00-503 Warszawa, NIP: 1180866002, REGON: 012938949. \u00a7 1 Postanowienia wst\u0119pne Za po\u015brednictwem Serwisu, Sprzedawca zapewnia Kupuj\u0105cemu mo\u017cliwo\u015b\u0107 zawarcia umowy o dostaw\u0119 z wykorzystaniem narz\u0119dzia Woocommerce &#8211; [&hellip;]<\/p>\n","protected":false},"author":1,"featured_media":0,"parent":0,"menu_order":0,"comment_status":"closed","ping_status":"closed","template":"","meta":{"_acf_changed":false,"footnotes":""},"class_list":["post-885","page","type-page","status-publish","hentry"],"acf":[],"yoast_head":"<!-- This site is optimized with the Yoast SEO plugin v26.6 - https:\/\/yoast.com\/wordpress\/plugins\/seo\/ -->\n<title>Regulamin - Sushi Zushi \u017burawia<\/title>\n<meta name=\"robots\" content=\"index, follow, max-snippet:-1, max-image-preview:large, max-video-preview:-1\" \/>\n<link rel=\"canonical\" href=\"https:\/\/online.sushizushi.pl\/zurawia\/regulamin\/\" \/>\n<meta property=\"og:locale\" content=\"pl_PL\" \/>\n<meta property=\"og:type\" content=\"article\" \/>\n<meta property=\"og:title\" content=\"Regulamin - Sushi Zushi \u017burawia\" \/>\n<meta property=\"og:description\" content=\"Regulamin serwisu sushizushi.pl oraz online.sushizushi.pl Regulamin serwisu internetowego \u2013 \u015bwiadczenia us\u0142ug w ramach serwisu sushizushi.pl Administratorem serwisu jest SUSHI 2 GO JOLANTA KISIELI\u0143SKA z siedzib\u0105 przy ul. \u017burawia 6\/12, 00-503 Warszawa, NIP: 1180866002, REGON: 012938949. \u00a7 1 Postanowienia wst\u0119pne Za po\u015brednictwem Serwisu, Sprzedawca zapewnia Kupuj\u0105cemu mo\u017cliwo\u015b\u0107 zawarcia umowy o dostaw\u0119 z wykorzystaniem narz\u0119dzia Woocommerce &#8211; [&hellip;]\" \/>\n<meta property=\"og:url\" content=\"https:\/\/online.sushizushi.pl\/zurawia\/regulamin\/\" \/>\n<meta property=\"og:site_name\" content=\"Sushi Zushi \u017burawia\" \/>\n<meta property=\"article:modified_time\" content=\"2024-11-25T21:30:02+00:00\" \/>\n<meta name=\"twitter:card\" content=\"summary_large_image\" \/>\n<meta name=\"twitter:label1\" content=\"Szacowany czas czytania\" \/>\n\t<meta name=\"twitter:data1\" content=\"8 minut\" \/>\n<script type=\"application\/ld+json\" class=\"yoast-schema-graph\">{\"@context\":\"https:\/\/schema.org\",\"@graph\":[{\"@type\":\"WebPage\",\"@id\":\"https:\/\/online.sushizushi.pl\/zurawia\/regulamin\/\",\"url\":\"https:\/\/online.sushizushi.pl\/zurawia\/regulamin\/\",\"name\":\"Regulamin - Sushi Zushi \u017burawia\",\"isPartOf\":{\"@id\":\"https:\/\/online.sushizushi.pl\/zurawia\/#website\"},\"datePublished\":\"2024-10-23T07:41:45+00:00\",\"dateModified\":\"2024-11-25T21:30:02+00:00\",\"breadcrumb\":{\"@id\":\"https:\/\/online.sushizushi.pl\/zurawia\/regulamin\/#breadcrumb\"},\"inLanguage\":\"pl-PL\",\"potentialAction\":[{\"@type\":\"ReadAction\",\"target\":[\"https:\/\/online.sushizushi.pl\/zurawia\/regulamin\/\"]}]},{\"@type\":\"BreadcrumbList\",\"@id\":\"https:\/\/online.sushizushi.pl\/zurawia\/regulamin\/#breadcrumb\",\"itemListElement\":[{\"@type\":\"ListItem\",\"position\":1,\"name\":\"Strona g\u0142\u00f3wna\",\"item\":\"https:\/\/online.sushizushi.pl\/zurawia\/\"},{\"@type\":\"ListItem\",\"position\":2,\"name\":\"Regulamin\"}]},{\"@type\":\"WebSite\",\"@id\":\"https:\/\/online.sushizushi.pl\/zurawia\/#website\",\"url\":\"https:\/\/online.sushizushi.pl\/zurawia\/\",\"name\":\"Sushi Zushi \u017burawia | \u017burawia 6\/12, 00-503 Warszawa\",\"description\":\"\u017burawia 6\/12, 00-503 Warszawa\",\"potentialAction\":[{\"@type\":\"SearchAction\",\"target\":{\"@type\":\"EntryPoint\",\"urlTemplate\":\"https:\/\/online.sushizushi.pl\/zurawia\/?s={search_term_string}\"},\"query-input\":{\"@type\":\"PropertyValueSpecification\",\"valueRequired\":true,\"valueName\":\"search_term_string\"}}],\"inLanguage\":\"pl-PL\"}]}<\/script>\n<!-- \/ Yoast SEO plugin. -->","yoast_head_json":{"title":"Regulamin - Sushi Zushi \u017burawia","robots":{"index":"index","follow":"follow","max-snippet":"max-snippet:-1","max-image-preview":"max-image-preview:large","max-video-preview":"max-video-preview:-1"},"canonical":"https:\/\/online.sushizushi.pl\/zurawia\/regulamin\/","og_locale":"pl_PL","og_type":"article","og_title":"Regulamin - Sushi Zushi \u017burawia","og_description":"Regulamin serwisu sushizushi.pl oraz online.sushizushi.pl Regulamin serwisu internetowego \u2013 \u015bwiadczenia us\u0142ug w ramach serwisu sushizushi.pl Administratorem serwisu jest SUSHI 2 GO JOLANTA KISIELI\u0143SKA z siedzib\u0105 przy ul. \u017burawia 6\/12, 00-503 Warszawa, NIP: 1180866002, REGON: 012938949. \u00a7 1 Postanowienia wst\u0119pne Za po\u015brednictwem Serwisu, Sprzedawca zapewnia Kupuj\u0105cemu mo\u017cliwo\u015b\u0107 zawarcia umowy o dostaw\u0119 z wykorzystaniem narz\u0119dzia Woocommerce &#8211; [&hellip;]","og_url":"https:\/\/online.sushizushi.pl\/zurawia\/regulamin\/","og_site_name":"Sushi Zushi \u017burawia","article_modified_time":"2024-11-25T21:30:02+00:00","twitter_card":"summary_large_image","twitter_misc":{"Szacowany czas czytania":"8 minut"},"schema":{"@context":"https:\/\/schema.org","@graph":[{"@type":"WebPage","@id":"https:\/\/online.sushizushi.pl\/zurawia\/regulamin\/","url":"https:\/\/online.sushizushi.pl\/zurawia\/regulamin\/","name":"Regulamin - Sushi Zushi \u017burawia","isPartOf":{"@id":"https:\/\/online.sushizushi.pl\/zurawia\/#website"},"datePublished":"2024-10-23T07:41:45+00:00","dateModified":"2024-11-25T21:30:02+00:00","breadcrumb":{"@id":"https:\/\/online.sushizushi.pl\/zurawia\/regulamin\/#breadcrumb"},"inLanguage":"pl-PL","potentialAction":[{"@type":"ReadAction","target":["https:\/\/online.sushizushi.pl\/zurawia\/regulamin\/"]}]},{"@type":"BreadcrumbList","@id":"https:\/\/online.sushizushi.pl\/zurawia\/regulamin\/#breadcrumb","itemListElement":[{"@type":"ListItem","position":1,"name":"Strona g\u0142\u00f3wna","item":"https:\/\/online.sushizushi.pl\/zurawia\/"},{"@type":"ListItem","position":2,"name":"Regulamin"}]},{"@type":"WebSite","@id":"https:\/\/online.sushizushi.pl\/zurawia\/#website","url":"https:\/\/online.sushizushi.pl\/zurawia\/","name":"Sushi Zushi \u017burawia | \u017burawia 6\/12, 00-503 Warszawa","description":"\u017burawia 6\/12, 00-503 Warszawa","potentialAction":[{"@type":"SearchAction","target":{"@type":"EntryPoint","urlTemplate":"https:\/\/online.sushizushi.pl\/zurawia\/?s={search_term_string}"},"query-input":{"@type":"PropertyValueSpecification","valueRequired":true,"valueName":"search_term_string"}}],"inLanguage":"pl-PL"}]}},"_links":{"self":[{"href":"https:\/\/online.sushizushi.pl\/zurawia\/wp-json\/wp\/v2\/pages\/885","targetHints":{"allow":["GET"]}}],"collection":[{"href":"https:\/\/online.sushizushi.pl\/zurawia\/wp-json\/wp\/v2\/pages"}],"about":[{"href":"https:\/\/online.sushizushi.pl\/zurawia\/wp-json\/wp\/v2\/types\/page"}],"author":[{"embeddable":true,"href":"https:\/\/online.sushizushi.pl\/zurawia\/wp-json\/wp\/v2\/users\/1"}],"replies":[{"embeddable":true,"href":"https:\/\/online.sushizushi.pl\/zurawia\/wp-json\/wp\/v2\/comments?post=885"}],"version-history":[{"count":7,"href":"https:\/\/online.sushizushi.pl\/zurawia\/wp-json\/wp\/v2\/pages\/885\/revisions"}],"predecessor-version":[{"id":1174,"href":"https:\/\/online.sushizushi.pl\/zurawia\/wp-json\/wp\/v2\/pages\/885\/revisions\/1174"}],"wp:attachment":[{"href":"https:\/\/online.sushizushi.pl\/zurawia\/wp-json\/wp\/v2\/media?parent=885"}],"curies":[{"name":"wp","href":"https:\/\/api.w.org\/{rel}","templated":true}]}}